{"id":980,"date":"2024-05-01T19:17:48","date_gmt":"2024-05-01T17:17:48","guid":{"rendered":"https:\/\/demosites.royal-elementor-addons.com\/nail-salon-v1\/?page_id=12"},"modified":"2026-01-02T18:51:19","modified_gmt":"2026-01-02T17:51:19","slug":"services","status":"publish","type":"page","link":"https:\/\/msnettoyage.fr\/?page_id=980","title":{"rendered":"Nettoyages extr\u00eame"},"content":{"rendered":"\t\t<div data-elementor-type=\"wp-page\" data-elementor-id=\"980\" class=\"elementor elementor-980\">\n\t\t\t\t<div class=\"elementor-element elementor-element-c4363ea e-flex e-con-boxed wpr-particle-no wpr-jarallax-no wpr-parallax-no wpr-sticky-section-no e-con e-parent\" data-id=\"c4363ea\" data-element_type=\"container\" data-settings=\"{&quot;background_background&quot;:&quot;classic&quot;}\">\n\t\t\t\t\t<div class=\"e-con-inner\">\n\t\t\t\t<div class=\"elementor-element elementor-element-a46a9f4 elementor-widget elementor-widget-heading\" data-id=\"a46a9f4\" data-element_type=\"widget\" data-widget_type=\"heading.default\">\n\t\t\t\t\t<h2 class=\"elementor-heading-title elementor-size-default\">Nettoyage Extr\u00eame<\/h2>\t\t\t\t<\/div>\n\t\t\t\t<div class=\"elementor-element elementor-element-56f06ea elementor-widget elementor-widget-text-editor\" data-id=\"56f06ea\" data-element_type=\"widget\" data-widget_type=\"text-editor.default\">\n\t\t\t\t\t\t\t\t\t<p data-start=\"1667\" data-end=\"1858\">Le nettoyage extr\u00eame est indispensable lorsque l\u2019\u00e9tat d\u2019un logement repr\u00e9sente un risque sanitaire.<br data-start=\"1766\" data-end=\"1769\" \/>Nous intervenons dans des contextes difficiles, avec <strong data-start=\"1822\" data-end=\"1857\">humanit\u00e9, respect et efficacit\u00e9<\/strong>.<\/p>\t\t\t\t\t\t\t\t<\/div>\n\t\t\t\t\t<\/div>\n\t\t\t\t<\/div>\n\t\t<div class=\"elementor-element elementor-element-1ffb9cc e-con-full e-flex wpr-particle-no wpr-jarallax-no wpr-parallax-no wpr-sticky-section-no e-con e-parent\" data-id=\"1ffb9cc\" data-element_type=\"container\">\n\t\t<div class=\"elementor-element elementor-element-f9f7b60 e-con-full e-flex wpr-particle-no wpr-jarallax-no wpr-parallax-no wpr-sticky-section-no e-con e-child\" data-id=\"f9f7b60\" data-element_type=\"container\">\n\t\t<div class=\"elementor-element elementor-element-a9824e9 e-con-full e-flex wpr-particle-no wpr-jarallax-no wpr-parallax-no wpr-sticky-section-no e-con e-child\" data-id=\"a9824e9\" data-element_type=\"container\">\n\t\t<div class=\"elementor-element elementor-element-9b2b3b7 e-con-full e-flex wpr-particle-no wpr-jarallax-no wpr-parallax-no wpr-sticky-section-no e-con e-child\" data-id=\"9b2b3b7\" data-element_type=\"container\">\n\t\t<div class=\"elementor-element elementor-element-9106474 e-con-full e-flex wpr-particle-no wpr-jarallax-no wpr-parallax-no wpr-sticky-section-no e-con e-child\" data-id=\"9106474\" data-element_type=\"container\">\n\t\t\t\t<div class=\"elementor-element elementor-element-4a5acc8 elementor-view-stacked elementor-position-inline-start elementor-shape-circle elementor-mobile-position-block-start elementor-widget elementor-widget-icon-box\" data-id=\"4a5acc8\" data-element_type=\"widget\" data-widget_type=\"icon-box.default\">\n\t\t\t\t\t\t\t<div class=\"elementor-icon-box-wrapper\">\n\n\t\t\t\t\t\t<div class=\"elementor-icon-box-icon\">\n\t\t\t\t<a href=\"tel:0767343912\" class=\"elementor-icon\" tabindex=\"-1\" aria-label=\"T\u00c9L\u00c9PHONE\">\n\t\t\t\t<svg aria-hidden=\"true\" class=\"e-font-icon-svg e-fas-phone-alt\" viewBox=\"0 0 512 512\" xmlns=\"http:\/\/www.w3.org\/2000\/svg\"><path d=\"M497.39 361.8l-112-48a24 24 0 0 0-28 6.9l-49.6 60.6A370.66 370.66 0 0 1 130.6 204.11l60.6-49.6a23.94 23.94 0 0 0 6.9-28l-48-112A24.16 24.16 0 0 0 122.6.61l-104 24A24 24 0 0 0 0 48c0 256.5 207.9 464 464 464a24 24 0 0 0 23.4-18.6l24-104a24.29 24.29 0 0 0-14.01-27.6z\"><\/path><\/svg>\t\t\t\t<\/a>\n\t\t\t<\/div>\n\t\t\t\n\t\t\t\t\t\t<div class=\"elementor-icon-box-content\">\n\n\t\t\t\t\t\t\t\t\t<h3 class=\"elementor-icon-box-title\">\n\t\t\t\t\t\t<a href=\"tel:0767343912\" >\n\t\t\t\t\t\t\tT\u00c9L\u00c9PHONE\t\t\t\t\t\t<\/a>\n\t\t\t\t\t<\/h3>\n\t\t\t\t\n\t\t\t\t\t\t\t\t\t<p class=\"elementor-icon-box-description\">\n\t\t\t\t\t\t07 67 34 39 12\t\t\t\t\t<\/p>\n\t\t\t\t\n\t\t\t<\/div>\n\t\t\t\n\t\t<\/div>\n\t\t\t\t\t\t<\/div>\n\t\t\t\t<\/div>\n\t\t<div class=\"elementor-element elementor-element-69beff6 e-con-full e-flex wpr-particle-no wpr-jarallax-no wpr-parallax-no wpr-sticky-section-no e-con e-child\" data-id=\"69beff6\" data-element_type=\"container\">\n\t\t\t\t<div class=\"elementor-element elementor-element-3173922 elementor-view-stacked elementor-position-inline-start elementor-shape-circle elementor-mobile-position-block-start elementor-widget elementor-widget-icon-box\" data-id=\"3173922\" data-element_type=\"widget\" data-widget_type=\"icon-box.default\">\n\t\t\t\t\t\t\t<div class=\"elementor-icon-box-wrapper\">\n\n\t\t\t\t\t\t<div class=\"elementor-icon-box-icon\">\n\t\t\t\t<a href=\"mailto:contact@msnettoyage.fr\" class=\"elementor-icon\" tabindex=\"-1\" aria-label=\"EMAIL\">\n\t\t\t\t<svg aria-hidden=\"true\" class=\"e-font-icon-svg e-far-envelope\" viewBox=\"0 0 512 512\" xmlns=\"http:\/\/www.w3.org\/2000\/svg\"><path d=\"M464 64H48C21.49 64 0 85.49 0 112v288c0 26.51 21.49 48 48 48h416c26.51 0 48-21.49 48-48V112c0-26.51-21.49-48-48-48zm0 48v40.805c-22.422 18.259-58.168 46.651-134.587 106.49-16.841 13.247-50.201 45.072-73.413 44.701-23.208.375-56.579-31.459-73.413-44.701C106.18 199.465 70.425 171.067 48 152.805V112h416zM48 400V214.398c22.914 18.251 55.409 43.862 104.938 82.646 21.857 17.205 60.134 55.186 103.062 54.955 42.717.231 80.509-37.199 103.053-54.947 49.528-38.783 82.032-64.401 104.947-82.653V400H48z\"><\/path><\/svg>\t\t\t\t<\/a>\n\t\t\t<\/div>\n\t\t\t\n\t\t\t\t\t\t<div class=\"elementor-icon-box-content\">\n\n\t\t\t\t\t\t\t\t\t<h3 class=\"elementor-icon-box-title\">\n\t\t\t\t\t\t<a href=\"mailto:contact@msnettoyage.fr\" >\n\t\t\t\t\t\t\tEMAIL\t\t\t\t\t\t<\/a>\n\t\t\t\t\t<\/h3>\n\t\t\t\t\n\t\t\t\t\t\t\t\t\t<p class=\"elementor-icon-box-description\">\n\t\t\t\t\t\tcontact@msnettoyage.fr\t\t\t\t\t<\/p>\n\t\t\t\t\n\t\t\t<\/div>\n\t\t\t\n\t\t<\/div>\n\t\t\t\t\t\t<\/div>\n\t\t\t\t<\/div>\n\t\t\t\t<\/div>\n\t\t<div class=\"elementor-element elementor-element-360550d e-con-full e-flex wpr-particle-no wpr-jarallax-no wpr-parallax-no wpr-sticky-section-no e-con e-child\" data-id=\"360550d\" data-element_type=\"container\">\n\t\t<div class=\"elementor-element elementor-element-89a8591 e-con-full e-flex wpr-particle-no wpr-jarallax-no wpr-parallax-no wpr-sticky-section-no e-con e-child\" data-id=\"89a8591\" data-element_type=\"container\">\n\t\t\t\t<div class=\"elementor-element elementor-element-7bb1198 elementor-widget elementor-widget-heading\" data-id=\"7bb1198\" data-element_type=\"widget\" data-widget_type=\"heading.default\">\n\t\t\t\t\t<h2 class=\"elementor-heading-title elementor-size-default\">Demander un devis<\/h2>\t\t\t\t<\/div>\n\t\t\t\t<div class=\"elementor-element elementor-element-a05eeca elementor-widget__width-initial wpr-step-type-number_text wpr-step-content-layout-vertical wpr-custom-styles-yes elementor-widget elementor-widget-wpr-form-builder\" data-id=\"a05eeca\" data-element_type=\"widget\" data-settings=\"{&quot;success_message&quot;:&quot;Nous vous remercions, notre \\u00e9quipe se charge de vous recontacter dans sous 48h.&quot;,&quot;error_message&quot;:&quot;Submission failed&quot;,&quot;button_width&quot;:{&quot;unit&quot;:&quot;%&quot;,&quot;size&quot;:100,&quot;sizes&quot;:[]},&quot;button_width_laptop&quot;:{&quot;unit&quot;:&quot;px&quot;,&quot;size&quot;:&quot;&quot;,&quot;sizes&quot;:[]},&quot;button_width_tablet&quot;:{&quot;unit&quot;:&quot;px&quot;,&quot;size&quot;:&quot;&quot;,&quot;sizes&quot;:[]},&quot;button_width_mobile&quot;:{&quot;unit&quot;:&quot;px&quot;,&quot;size&quot;:&quot;&quot;,&quot;sizes&quot;:[]},&quot;step_type&quot;:&quot;number_text&quot;,&quot;step_content_layout&quot;:&quot;vertical&quot;}\" data-widget_type=\"wpr-form-builder.default\">\n\t\t\t\t\t\t\t<form class=\"wpr-form\" method=\"post\" name=\"New Form\" page=\"Nettoyages extr\u00eame\" page_id=\"980\" novalidate>\n\t\t\t<input type=\"hidden\" name=\"post_id\" value=\"980\"\/>\n\t\t\t<input type=\"hidden\" name=\"form_id\" value=\"a05eeca\"\/>\n\t\t\t<input type=\"hidden\" name=\"referer_title\" value=\"\" \/>\n\n\t\t\t<div class=\"wpr-step-wrap\"><\/div>\n\t\t\t<div class=\"wpr-form-fields-wrap wpr-labels-above\">\n\t\t\t\t\t\t\t\t\t<div class=\"wpr-form-field-type-text wpr-field-group wpr-column wpr-field-group-name elementor-repeater-item-4bd9446 wpr-form-field-required\">\n\t\t\t\t\t\t<input size=\"1 \"type=\"text\" name=\"form_fields[name]\" id=\"form-field-name\" class=\"wpr-form-field  wpr-form-field-textual\" placeholder=\"Nom ou Soci\u00e9t\u00e9\" required=\"required\" aria-required=\"true\">\t\t\t\t\t<\/div>\n\t\t\t\t\t\t\t\t\t<div class=\"wpr-form-field-type-tel wpr-field-group wpr-column wpr-field-group-email elementor-repeater-item-2ad7368 wpr-form-field-required\">\n\t\t\t\t\t\t<input size=\"1 \"type=\"tel\" name=\"form_fields[email]\" id=\"form-field-email\" class=\"wpr-form-field  wpr-form-field-textual\" placeholder=\"T\u00e9l\u00e9phone\" required=\"required\" aria-required=\"true\">\t\t\t\t\t<\/div>\n\t\t\t\t\t\t\t\t\t<div class=\"wpr-form-field-type-textarea wpr-field-group wpr-column wpr-field-group-message elementor-repeater-item-31eee2a wpr-form-field-required\">\n\t\t\t\t\t\t<textarea class=\"wpr-form-field-textual wpr-form-field \" name=\"form_fields[message]\" id=\"form-field-message\" rows=\"1\" placeholder=\"Ville - Code Postal\" required=\"required\" aria-required=\"true\"><\/textarea>\t\t\t\t\t<\/div>\n\t\t\t\t<div class=\"wpr-field-group wpr-stp-btns-wrap wpr-column wpr-form-field-type-submit\" data-actions=\"[&quot;email&quot;]\" data-redirect-url=\"\" data-mailchimp-fields=\"{&quot;email_field&quot;:&quot;&quot;,&quot;first_name_field&quot;:&quot;&quot;,&quot;last_name_field&quot;:&quot;&quot;,&quot;address_field&quot;:&quot;&quot;,&quot;phone_field&quot;:&quot;&quot;,&quot;birthday_field&quot;:&quot;&quot;,&quot;group_id&quot;:&quot;&quot;}\" data-list-id=\"\">\t\t\t<button type=\"submit\" class=\"wpr-button\">\n\t\t\t\t<span >\n\t\t\t\t\t\t\t\t\t\t\t\t\t\t\t\t<span>Demander un devis<\/span>\n\t\t\t\t\t\t\t\t\t\t\t\t\t\t<\/span>\t\n\t\t\t\t<div class=\"wpr-double-bounce wpr-loader-hidden\">\n\t\t\t\t\t<div class=\"wpr-child wpr-double-bounce1\"><\/div>\n\t\t\t\t\t<div class=\"wpr-child wpr-double-bounce2\"><\/div>\n\t\t\t\t<\/div>\n\t\t\t<\/button>\n\t\t<\/div>\t\t\t\t\n\t\t\t<\/div>\n\t\t<\/form>\n\t  \t\t\t\t<\/div>\n\t\t\t\t<\/div>\n\t\t\t\t<\/div>\n\t\t\t\t<\/div>\n\t\t\t\t<\/div>\n\t\t<div class=\"elementor-element elementor-element-3d0b7a7 e-con-full e-flex wpr-particle-no wpr-jarallax-no wpr-parallax-no wpr-sticky-section-no e-con e-child\" data-id=\"3d0b7a7\" data-element_type=\"container\">\n\t\t<div class=\"elementor-element elementor-element-241e5b8 e-con-full e-flex wpr-particle-no wpr-jarallax-no wpr-parallax-no wpr-sticky-section-no e-con e-child\" data-id=\"241e5b8\" data-element_type=\"container\">\n\t\t<div class=\"elementor-element elementor-element-3d84426 e-con-full e-flex wpr-particle-no wpr-jarallax-no wpr-parallax-no wpr-sticky-section-no e-con e-child\" data-id=\"3d84426\" data-element_type=\"container\">\n\t\t<div class=\"elementor-element elementor-element-096c7e2 e-con-full e-flex wpr-particle-no wpr-jarallax-no wpr-parallax-no wpr-sticky-section-no elementor-invisible e-con e-child\" data-id=\"096c7e2\" data-element_type=\"container\" data-settings=\"{&quot;animation&quot;:&quot;slideInLeft&quot;}\">\n\t\t\t\t<div class=\"elementor-element elementor-element-fb645d9 elementor-widget__width-initial elementor-widget elementor-widget-heading\" data-id=\"fb645d9\" data-element_type=\"widget\" data-widget_type=\"heading.default\">\n\t\t\t\t\t<h2 class=\"elementor-heading-title elementor-size-default\">Syndrome de Diog\u00e8ne<\/h2>\t\t\t\t<\/div>\n\t\t\t\t<div class=\"elementor-element elementor-element-befae09 elementor-widget elementor-widget-text-editor\" data-id=\"befae09\" data-element_type=\"widget\" data-widget_type=\"text-editor.default\">\n\t\t\t\t\t\t\t\t\t<p>Intervention sp\u00e9cialis\u00e9e pour le d\u00e9barras, le nettoyage et la remise en \u00e9tat de logements fortement encombr\u00e9s ou d\u00e9grad\u00e9s. Nous intervenons avec discr\u00e9tion, respect et efficacit\u00e9, en tenant compte de la situation humaine et sanitaire.<\/p>\t\t\t\t\t\t\t\t<\/div>\n\t\t\t\t<\/div>\n\t\t<div class=\"elementor-element elementor-element-a7f2fbc e-con-full e-flex wpr-particle-no wpr-jarallax-no wpr-parallax-no wpr-sticky-section-no elementor-invisible e-con e-child\" data-id=\"a7f2fbc\" data-element_type=\"container\" data-settings=\"{&quot;animation&quot;:&quot;slideInRight&quot;}\">\n\t\t\t\t<div class=\"elementor-element elementor-element-5be72a8 elementor-widget elementor-widget-image\" data-id=\"5be72a8\" data-element_type=\"widget\" data-widget_type=\"image.default\">\n\t\t\t\t\t\t\t\t\t\t\t\t\t\t\t<img fetchpriority=\"high\" decoding=\"async\" width=\"900\" height=\"600\" src=\"https:\/\/msnettoyage.fr\/wp-content\/uploads\/2026\/01\/syndrome-de-diogene-2.jpeg\" class=\"attachment-large size-large wp-image-1203\" alt=\"\" srcset=\"https:\/\/msnettoyage.fr\/wp-content\/uploads\/2026\/01\/syndrome-de-diogene-2.jpeg 900w, https:\/\/msnettoyage.fr\/wp-content\/uploads\/2026\/01\/syndrome-de-diogene-2-300x200.jpeg 300w, https:\/\/msnettoyage.fr\/wp-content\/uploads\/2026\/01\/syndrome-de-diogene-2-768x512.jpeg 768w\" sizes=\"(max-width: 900px) 100vw, 900px\" \/>\t\t\t\t\t\t\t\t\t\t\t\t\t\t\t<\/div>\n\t\t\t\t<\/div>\n\t\t\t\t<\/div>\n\t\t<div class=\"elementor-element elementor-element-f426841 e-con-full e-flex wpr-particle-no wpr-jarallax-no wpr-parallax-no wpr-sticky-section-no e-con e-child\" data-id=\"f426841\" data-element_type=\"container\">\n\t\t<div class=\"elementor-element elementor-element-5f692de e-con-full e-flex wpr-particle-no wpr-jarallax-no wpr-parallax-no wpr-sticky-section-no elementor-invisible e-con e-child\" data-id=\"5f692de\" data-element_type=\"container\" data-settings=\"{&quot;animation&quot;:&quot;slideInLeft&quot;}\">\n\t\t\t\t<div class=\"elementor-element elementor-element-8588b65 elementor-widget elementor-widget-image\" data-id=\"8588b65\" data-element_type=\"widget\" data-widget_type=\"image.default\">\n\t\t\t\t\t\t\t\t\t\t\t\t\t\t\t<img decoding=\"async\" width=\"960\" height=\"720\" src=\"https:\/\/msnettoyage.fr\/wp-content\/uploads\/2026\/01\/logement-insalubre-1024x768.jpg\" class=\"attachment-large size-large wp-image-1213\" alt=\"\" srcset=\"https:\/\/msnettoyage.fr\/wp-content\/uploads\/2026\/01\/logement-insalubre-1024x768.jpg 1024w, https:\/\/msnettoyage.fr\/wp-content\/uploads\/2026\/01\/logement-insalubre-300x225.jpg 300w, https:\/\/msnettoyage.fr\/wp-content\/uploads\/2026\/01\/logement-insalubre-768x576.jpg 768w, https:\/\/msnettoyage.fr\/wp-content\/uploads\/2026\/01\/logement-insalubre-1536x1152.jpg 1536w, https:\/\/msnettoyage.fr\/wp-content\/uploads\/2026\/01\/logement-insalubre-2048x1536.jpg 2048w\" sizes=\"(max-width: 960px) 100vw, 960px\" \/>\t\t\t\t\t\t\t\t\t\t\t\t\t\t\t<\/div>\n\t\t\t\t<\/div>\n\t\t<div class=\"elementor-element elementor-element-3b9605c e-con-full e-flex wpr-particle-no wpr-jarallax-no wpr-parallax-no wpr-sticky-section-no elementor-invisible e-con e-child\" data-id=\"3b9605c\" data-element_type=\"container\" data-settings=\"{&quot;animation&quot;:&quot;slideInRight&quot;}\">\n\t\t\t\t<div class=\"elementor-element elementor-element-ea84b2a elementor-widget elementor-widget-heading\" data-id=\"ea84b2a\" data-element_type=\"widget\" data-widget_type=\"heading.default\">\n\t\t\t\t\t<h2 class=\"elementor-heading-title elementor-size-default\">Logement insalubre<\/h2>\t\t\t\t<\/div>\n\t\t\t\t<div class=\"elementor-element elementor-element-990fd29 elementor-widget elementor-widget-text-editor\" data-id=\"990fd29\" data-element_type=\"widget\" data-widget_type=\"text-editor.default\">\n\t\t\t\t\t\t\t\t\t<p>Nettoyage complet et approfondi de logements pr\u00e9sentant des risques pour la sant\u00e9 (salet\u00e9 extr\u00eame, d\u00e9chets, nuisibles, odeurs, moisissures).<\/p><p>Objectif : assainir les lieux et les rendre de nouveau habitables dans le respect des normes d\u2019hygi\u00e8ne.<\/p>\t\t\t\t\t\t\t\t<\/div>\n\t\t\t\t<\/div>\n\t\t\t\t<\/div>\n\t\t<div class=\"elementor-element elementor-element-e49d70b e-con-full e-flex wpr-particle-no wpr-jarallax-no wpr-parallax-no wpr-sticky-section-no e-con e-child\" data-id=\"e49d70b\" data-element_type=\"container\">\n\t\t<div class=\"elementor-element elementor-element-3f43226 e-con-full e-flex wpr-particle-no wpr-jarallax-no wpr-parallax-no wpr-sticky-section-no elementor-invisible e-con e-child\" data-id=\"3f43226\" data-element_type=\"container\" data-settings=\"{&quot;animation&quot;:&quot;slideInLeft&quot;}\">\n\t\t\t\t<div class=\"elementor-element elementor-element-9b83aa8 elementor-widget elementor-widget-heading\" data-id=\"9b83aa8\" data-element_type=\"widget\" data-widget_type=\"heading.default\">\n\t\t\t\t\t<h2 class=\"elementor-heading-title elementor-size-default\">Nettoyage situations complexes<\/h2>\t\t\t\t<\/div>\n\t\t\t\t<div class=\"elementor-element elementor-element-c38912c elementor-widget elementor-widget-text-editor\" data-id=\"c38912c\" data-element_type=\"widget\" data-widget_type=\"text-editor.default\">\n\t\t\t\t\t\t\t\t\t<p>Prestations adapt\u00e9es aux situations exceptionnelles telles que squat, d\u00e9c\u00e8s, sinistre ou d\u00e9gradations importantes. Nous assurons un nettoyage technique, s\u00e9curis\u00e9 et conforme, avec une prise en charge rapide et professionnelle.<\/p>\t\t\t\t\t\t\t\t<\/div>\n\t\t\t\t<\/div>\n\t\t<div class=\"elementor-element elementor-element-ee8cef9 e-con-full e-flex wpr-particle-no wpr-jarallax-no wpr-parallax-no wpr-sticky-section-no elementor-invisible e-con e-child\" data-id=\"ee8cef9\" data-element_type=\"container\" data-settings=\"{&quot;animation&quot;:&quot;slideInRight&quot;}\">\n\t\t\t\t<div class=\"elementor-element elementor-element-2ee6866 elementor-widget elementor-widget-image\" data-id=\"2ee6866\" data-element_type=\"widget\" data-widget_type=\"image.default\">\n\t\t\t\t\t\t\t\t\t\t\t\t\t\t\t<img decoding=\"async\" width=\"900\" height=\"599\" src=\"https:\/\/msnettoyage.fr\/wp-content\/uploads\/2026\/01\/squat.jpg\" class=\"attachment-large size-large wp-image-1214\" alt=\"\" srcset=\"https:\/\/msnettoyage.fr\/wp-content\/uploads\/2026\/01\/squat.jpg 900w, https:\/\/msnettoyage.fr\/wp-content\/uploads\/2026\/01\/squat-300x200.jpg 300w, https:\/\/msnettoyage.fr\/wp-content\/uploads\/2026\/01\/squat-768x511.jpg 768w\" sizes=\"(max-width: 900px) 100vw, 900px\" \/>\t\t\t\t\t\t\t\t\t\t\t\t\t\t\t<\/div>\n\t\t\t\t<\/div>\n\t\t\t\t<\/div>\n\t\t\t\t<\/div>\n\t\t\t\t<\/div>\n\t\t\t\t<\/div>\n\t\t<div class=\"elementor-element elementor-element-4fad93e e-flex e-con-boxed wpr-particle-no wpr-jarallax-no wpr-parallax-no wpr-sticky-section-no e-con e-parent\" data-id=\"4fad93e\" data-element_type=\"container\">\n\t\t\t\t\t<div class=\"e-con-inner\">\n\t\t\t\t<div class=\"elementor-element elementor-element-eb986db wpr-pc-btn-align-fixed-left wpr-pc-btn-align-fixed wpr-pc-btn-icon-right elementor-widget elementor-widget-wpr-phone-call\" data-id=\"eb986db\" data-element_type=\"widget\" data-widget_type=\"wpr-phone-call.default\">\n\t\t\t\t\t<div class=\"wpr-pc-wrapper\"><a href=\"tel:07 67 34 39 12\" class=\"wpr-pc-btn\"><div class=\"wpr-pc-content\"><span class=\"wpr-pc-text\">Contactez nous<\/span><span class=\"wpr-pc-btn-icon\"><svg class=\"e-font-icon-svg e-fas-phone\" viewBox=\"0 0 512 512\" xmlns=\"http:\/\/www.w3.org\/2000\/svg\"><path d=\"M493.4 24.6l-104-24c-11.3-2.6-22.9 3.3-27.5 13.9l-48 112c-4.2 9.8-1.4 21.3 6.9 28l60.6 49.6c-36 76.7-98.9 140.5-177.2 177.2l-49.6-60.6c-6.8-8.3-18.2-11.1-28-6.9l-112 48C3.9 366.5-2 378.1.6 389.4l24 104C27.1 504.2 36.7 512 48 512c256.1 0 464-207.5 464-464 0-11.2-7.7-20.9-18.6-23.4z\"><\/path><\/svg><\/span><\/div><\/a><\/div>\t\t\t\t<\/div>\n\t\t\t\t\t<\/div>\n\t\t\t\t<\/div>\n\t\t\t\t<\/div>\n\t\t","protected":false},"excerpt":{"rendered":"<p>Nettoyage Extr\u00eame Le nettoyage extr\u00eame est indispensable lorsque l\u2019\u00e9tat d\u2019un logement repr\u00e9sente un risque sanitaire.Nous intervenons dans des contextes difficiles, avec humanit\u00e9, respect et efficacit\u00e9. T\u00c9L\u00c9PHONE 07 67 34 39 12 EMAIL contact@msnettoyage.fr Demander un devis Demander un devis Syndrome de Diog\u00e8ne Intervention sp\u00e9cialis\u00e9e pour le d\u00e9barras, le nettoyage et la remise en \u00e9tat de logements fortement encombr\u00e9s ou d\u00e9grad\u00e9s. Nous intervenons avec discr\u00e9tion, respect et efficacit\u00e9, en tenant compte de la situation humaine et sanitaire. Logement insalubre Nettoyage complet et approfondi de logements pr\u00e9sentant des risques pour la sant\u00e9 (salet\u00e9 extr\u00eame, d\u00e9chets, nuisibles, odeurs, moisissures). Objectif : assainir les lieux et les rendre de nouveau habitables dans le respect des normes d\u2019hygi\u00e8ne. Nettoyage situations complexes Prestations adapt\u00e9es aux situations exceptionnelles telles que squat, d\u00e9c\u00e8s, sinistre ou d\u00e9gradations importantes. Nous assurons un nettoyage technique, s\u00e9curis\u00e9 et conforme, avec une prise en charge rapide et professionnelle. Contactez nous<\/p>\n","protected":false},"author":1,"featured_media":0,"parent":0,"menu_order":0,"comment_status":"closed","ping_status":"closed","template":"elementor_canvas","meta":{"footnotes":""},"class_list":["post-980","page","type-page","status-publish","hentry"],"_links":{"self":[{"href":"https:\/\/msnettoyage.fr\/index.php?rest_route=\/wp\/v2\/pages\/980","targetHints":{"allow":["GET"]}}],"collection":[{"href":"https:\/\/msnettoyage.fr\/index.php?rest_route=\/wp\/v2\/pages"}],"about":[{"href":"https:\/\/msnettoyage.fr\/index.php?rest_route=\/wp\/v2\/types\/page"}],"author":[{"embeddable":true,"href":"https:\/\/msnettoyage.fr\/index.php?rest_route=\/wp\/v2\/users\/1"}],"replies":[{"embeddable":true,"href":"https:\/\/msnettoyage.fr\/index.php?rest_route=%2Fwp%2Fv2%2Fcomments&post=980"}],"version-history":[{"count":46,"href":"https:\/\/msnettoyage.fr\/index.php?rest_route=\/wp\/v2\/pages\/980\/revisions"}],"predecessor-version":[{"id":1244,"href":"https:\/\/msnettoyage.fr\/index.php?rest_route=\/wp\/v2\/pages\/980\/revisions\/1244"}],"wp:attachment":[{"href":"https:\/\/msnettoyage.fr\/index.php?rest_route=%2Fwp%2Fv2%2Fmedia&parent=980"}],"curies":[{"name":"wp","href":"https:\/\/api.w.org\/{rel}","templated":true}]}}